{"id":2,"date":"2021-10-14T13:04:34","date_gmt":"2021-10-14T11:04:34","guid":{"rendered":"https:\/\/manhaus.ch\/?page_id=2"},"modified":"2021-11-15T10:01:37","modified_gmt":"2021-11-15T09:01:37","slug":"accueil","status":"publish","type":"page","link":"https:\/\/manhaus.ch\/en\/","title":{"rendered":"1918 The General Strike Confrontation"},"content":{"rendered":"<h1 class=\"wp-block-heading\">1918 The General Strike Confrontation<\/h1>\n\n\n\n<p>In November 1918, in the final days of the world war, Switzerland went through the first and only national general strike in its history. This film shows the sequence of events that led to this national confrontation - between the workers and the bourgeoisie - which had a lasting influence on Swiss institutions and society.<\/p>\n\n\n\n<p class=\"has-text-align-right\">A film by Frederic Hausammann<\/p>\n\n\n\n<p class=\"has-text-align-center\"><strong>DVD  &#8211;  PAL <\/strong><\/p>\n\n\n\n<p class=\"has-text-align-center\"><strong>All Regions<\/strong><\/p>\n\n\n\n<p class=\"has-text-align-center\"><strong>&#8211;<\/strong><\/p>\n\n\n\n<p class=\"has-text-align-center\"><strong>VOD<\/strong><\/p>\n\n\n\n<p class=\"has-text-align-center\"><strong>&#8211;<\/strong><\/p>\n\n\n\n<p class=\"has-text-align-center\"><strong>75 min<\/strong><\/p>\n\n\n\n<p> <\/p>\n\n\n\n<p><em>\u00abDrawing on a wealth of iconography, Fr\u00e9d\u00e9ric Hausammann looks back at the causes of the event. Fascinating!\u00bb<\/em> &#8211; <strong>TV8<\/strong><\/p>\n\n\n\n<p><em>\u00abWatching Fr\u00e9d\u00e9ric Hausammann's film is an act of citizenship.\u00bb<\/em> &#8211; <strong>Le Temps<\/strong><\/p>\n\n\n\n<p><em>\u00abThe national strike appears in Hausammann's work more as a constellation than as an event. For example, it was the Italian workers in tunnel construction who had spread the means of the strike in Switzerland.\u00bb<\/em> &#8211; <strong>Die Wochenzeitung<\/strong><\/p>\n\n\n\n<figure class=\"wp-block-image size-large\"><img loading=\"lazy\" decoding=\"async\" width=\"694\" height=\"1024\" src=\"https:\/\/manhaus.ch\/wp-content\/uploads\/2021\/11\/1918-Pochette-verso-694x1024.jpg\" alt=\"\" class=\"wp-image-163\" srcset=\"https:\/\/manhaus.ch\/wp-content\/uploads\/2021\/11\/1918-Pochette-verso-694x1024.jpg 694w, https:\/\/manhaus.ch\/wp-content\/uploads\/2021\/11\/1918-Pochette-verso-203x300.jpg 203w, https:\/\/manhaus.ch\/wp-content\/uploads\/2021\/11\/1918-Pochette-verso-768x1133.jpg 768w, https:\/\/manhaus.ch\/wp-content\/uploads\/2021\/11\/1918-Pochette-verso-1041x1536.jpg 1041w, https:\/\/manhaus.ch\/wp-content\/uploads\/2021\/11\/1918-Pochette-verso-1388x2048.jpg 1388w, https:\/\/manhaus.ch\/wp-content\/uploads\/2021\/11\/1918-Pochette-verso-8x12.jpg 8w, https:\/\/manhaus.ch\/wp-content\/uploads\/2021\/11\/1918-Pochette-verso-600x885.jpg 600w, https:\/\/manhaus.ch\/wp-content\/uploads\/2021\/11\/1918-Pochette-verso.jpg 1465w\" sizes=\"auto, (max-width: 694px) 100vw, 694px\" \/><\/figure>","protected":false},"excerpt":{"rendered":"<p>1918 L\u2019Affrontement de la gr\u00e8ve g\u00e9n\u00e9rale En novembre 1918, aux derniers jours de la guerre mondiale, la Suisse traverse la premi\u00e8re et unique gr\u00e8ve g\u00e9n\u00e9rale nationale de son histoire. Ce film montre l&rsquo;encha\u00eenement des \u00e9v\u00e9nements ayant conduit \u00e0 cet affrontement national &#8211; entre le monde ouvrier et la bourgeoisie &#8211; [&hellip;]<\/p>","protected":false},"author":1,"featured_media":125,"parent":0,"menu_order":0,"comment_status":"closed","ping_status":"closed","template":"","meta":{"footnotes":""},"class_list":["post-2","page","type-page","status-publish","has-post-thumbnail","hentry"],"_links":{"self":[{"href":"https:\/\/manhaus.ch\/en\/wp-json\/wp\/v2\/pages\/2","targetHints":{"allow":["GET"]}}],"collection":[{"href":"https:\/\/manhaus.ch\/en\/wp-json\/wp\/v2\/pages"}],"about":[{"href":"https:\/\/manhaus.ch\/en\/wp-json\/wp\/v2\/types\/page"}],"author":[{"embeddable":true,"href":"https:\/\/manhaus.ch\/en\/wp-json\/wp\/v2\/users\/1"}],"replies":[{"embeddable":true,"href":"https:\/\/manhaus.ch\/en\/wp-json\/wp\/v2\/comments?post=2"}],"version-history":[{"count":17,"href":"https:\/\/manhaus.ch\/en\/wp-json\/wp\/v2\/pages\/2\/revisions"}],"predecessor-version":[{"id":165,"href":"https:\/\/manhaus.ch\/en\/wp-json\/wp\/v2\/pages\/2\/revisions\/165"}],"wp:featuredmedia":[{"embeddable":true,"href":"https:\/\/manhaus.ch\/en\/wp-json\/wp\/v2\/media\/125"}],"wp:attachment":[{"href":"https:\/\/manhaus.ch\/en\/wp-json\/wp\/v2\/media?parent=2"}],"curies":[{"name":"wp","href":"https:\/\/api.w.org\/{rel}","templated":true}]}}