{"id":46,"date":"2021-10-28T15:27:09","date_gmt":"2021-10-28T13:27:09","guid":{"rendered":"https:\/\/manhaus.ch\/?post_type=product&#038;p=46"},"modified":"2021-11-15T10:10:07","modified_gmt":"2021-11-15T09:10:07","slug":"prix-institutions","status":"publish","type":"product","link":"http:\/\/manhaus.ch\/fr\/produit\/prix-institutions\/","title":{"rendered":"Prix pour institutions, \u00e9coles et services de pr\u00eat"},"content":{"rendered":"<p><span>Pour votre comptabilit\u00e9, une quittance est g\u00e9n\u00e9r\u00e9e automatiquement lorsque vous terminez et payez votre commande. CHF 69.- (+ 2.- de frais d&rsquo;envoi).<br \/>\n<\/span><\/p>\n<p>Si vous souhaitez effectuer une commande et payer ensuite sur facture, rendez-vous en bas de page et cliquez sur \u00ab\u00a0commande avec facture\u00a0\u00bb. CHF 69.- (+ 4.- de frais administratifs et postaux).<\/p>\n","protected":false},"excerpt":{"rendered":"<p>Pour votre comptabilit\u00e9, une quittance est g\u00e9n\u00e9r\u00e9e automatiquement lorsque vous terminez et payez votre commande. CHF 69.- (+ 2.- de frais d&rsquo;envoi). Si vous souhaitez effectuer une commande et payer ensuite sur facture, rendez-vous en bas de page et cliquez sur \u00ab\u00a0commande avec facture\u00a0\u00bb. CHF 69.- (+ 4.- de frais [&hellip;]<\/p>\n","protected":false},"featured_media":79,"template":"","meta":[],"product_cat":[19],"product_tag":[],"class_list":["post-46","product","type-product","status-publish","has-post-thumbnail","hentry","product_cat-dvd"],"_links":{"self":[{"href":"http:\/\/manhaus.ch\/fr\/wp-json\/wp\/v2\/product\/46","targetHints":{"allow":["GET"]}}],"collection":[{"href":"http:\/\/manhaus.ch\/fr\/wp-json\/wp\/v2\/product"}],"about":[{"href":"http:\/\/manhaus.ch\/fr\/wp-json\/wp\/v2\/types\/product"}],"wp:featuredmedia":[{"embeddable":true,"href":"http:\/\/manhaus.ch\/fr\/wp-json\/wp\/v2\/media\/79"}],"wp:attachment":[{"href":"http:\/\/manhaus.ch\/fr\/wp-json\/wp\/v2\/media?parent=46"}],"wp:term":[{"taxonomy":"product_cat","embeddable":true,"href":"http:\/\/manhaus.ch\/fr\/wp-json\/wp\/v2\/product_cat?post=46"},{"taxonomy":"product_tag","embeddable":true,"href":"http:\/\/manhaus.ch\/fr\/wp-json\/wp\/v2\/product_tag?post=46"}],"curies":[{"name":"wp","href":"https:\/\/api.w.org\/{rel}","templated":true}]}}