{"id":2,"date":"2021-10-14T13:04:34","date_gmt":"2021-10-14T11:04:34","guid":{"rendered":"https:\/\/manhaus.ch\/?page_id=2"},"modified":"2021-11-15T10:01:37","modified_gmt":"2021-11-15T09:01:37","slug":"accueil","status":"publish","type":"page","link":"http:\/\/manhaus.ch\/fr\/","title":{"rendered":"1918 L\u2019Affrontement de la gr\u00e8ve g\u00e9n\u00e9rale"},"content":{"rendered":"\n<h1 class=\"wp-block-heading\">1918 L\u2019Affrontement de la gr\u00e8ve g\u00e9n\u00e9rale<\/h1>\n\n\n\n<p>En novembre 1918, aux derniers jours de la guerre mondiale, la Suisse traverse la premi\u00e8re et unique gr\u00e8ve g\u00e9n\u00e9rale nationale de son histoire. Ce film montre l&rsquo;encha\u00eenement des \u00e9v\u00e9nements ayant conduit \u00e0 cet affrontement national &#8211; entre le monde ouvrier et la bourgeoisie &#8211; qui a durablement influenc\u00e9 les institutions et la soci\u00e9t\u00e9 suisses.<\/p>\n\n\n\n<p class=\"has-text-align-right\">Un film de Fr\u00e9d\u00e9ric Hausammann<\/p>\n\n\n\n<p class=\"has-text-align-center\"><strong>DVD  &#8211;  PAL <\/strong><\/p>\n\n\n\n<p class=\"has-text-align-center\"><strong>All Regions<\/strong><\/p>\n\n\n\n<p class=\"has-text-align-center\"><strong>&#8211;<\/strong><\/p>\n\n\n\n<p class=\"has-text-align-center\"><strong>VOD<\/strong><\/p>\n\n\n\n<p class=\"has-text-align-center\"><strong>&#8211;<\/strong><\/p>\n\n\n\n<p class=\"has-text-align-center\"><strong>75 min<\/strong><\/p>\n\n\n\n<p> <\/p>\n\n\n\n<p><em>\u00ab\u00a0Puisant dans une formidable iconographie, Fr\u00e9d\u00e9ric Hausammann revient sur les causes de l\u2019\u00e9v\u00e9nement. Passionnant !\u00a0\u00bb<\/em> &#8211; <strong>TV8<\/strong><\/p>\n\n\n\n<p><em>\u00ab\u00a0Regarder le film de Fr\u00e9d\u00e9ric Hausammann est un acte citoyen.\u00a0\u00bb<\/em> &#8211; <strong>Le Temps<\/strong><\/p>\n\n\n\n<p><em>\u00ab\u00a0La gr\u00e8ve nationale appara\u00eet dans l&rsquo;\u0153uvre de Hausammann plus comme une constellation que comme un \u00e9v\u00e9nement. Ce sont les travailleurs italiens de la construction de tunnels, par exemple, qui ont r\u00e9pandu le recours \u00e0 la gr\u00e8ve en Suisse.\u00a0\u00bb<\/em> &#8211; <strong>Die Wochenzeitung<\/strong><\/p>\n\n\n\n<figure class=\"wp-block-image size-large\"><img loading=\"lazy\" decoding=\"async\" width=\"694\" height=\"1024\" src=\"https:\/\/manhaus.ch\/wp-content\/uploads\/2021\/11\/1918-Pochette-verso-694x1024.jpg\" alt=\"\" class=\"wp-image-163\" srcset=\"https:\/\/manhaus.ch\/wp-content\/uploads\/2021\/11\/1918-Pochette-verso-694x1024.jpg 694w, https:\/\/manhaus.ch\/wp-content\/uploads\/2021\/11\/1918-Pochette-verso-203x300.jpg 203w, https:\/\/manhaus.ch\/wp-content\/uploads\/2021\/11\/1918-Pochette-verso-768x1133.jpg 768w, https:\/\/manhaus.ch\/wp-content\/uploads\/2021\/11\/1918-Pochette-verso-1041x1536.jpg 1041w, https:\/\/manhaus.ch\/wp-content\/uploads\/2021\/11\/1918-Pochette-verso-1388x2048.jpg 1388w, https:\/\/manhaus.ch\/wp-content\/uploads\/2021\/11\/1918-Pochette-verso-8x12.jpg 8w, https:\/\/manhaus.ch\/wp-content\/uploads\/2021\/11\/1918-Pochette-verso-600x885.jpg 600w, https:\/\/manhaus.ch\/wp-content\/uploads\/2021\/11\/1918-Pochette-verso.jpg 1465w\" sizes=\"auto, (max-width: 694px) 100vw, 694px\" \/><\/figure>\n","protected":false},"excerpt":{"rendered":"<p>1918 L\u2019Affrontement de la gr\u00e8ve g\u00e9n\u00e9rale En novembre 1918, aux derniers jours de la guerre mondiale, la Suisse traverse la premi\u00e8re et unique gr\u00e8ve g\u00e9n\u00e9rale nationale de son histoire. Ce film montre l&rsquo;encha\u00eenement des \u00e9v\u00e9nements ayant conduit \u00e0 cet affrontement national &#8211; entre le monde ouvrier et la bourgeoisie &#8211; [&hellip;]<\/p>\n","protected":false},"author":1,"featured_media":125,"parent":0,"menu_order":0,"comment_status":"closed","ping_status":"closed","template":"","meta":{"footnotes":""},"class_list":["post-2","page","type-page","status-publish","has-post-thumbnail","hentry"],"_links":{"self":[{"href":"http:\/\/manhaus.ch\/fr\/wp-json\/wp\/v2\/pages\/2","targetHints":{"allow":["GET"]}}],"collection":[{"href":"http:\/\/manhaus.ch\/fr\/wp-json\/wp\/v2\/pages"}],"about":[{"href":"http:\/\/manhaus.ch\/fr\/wp-json\/wp\/v2\/types\/page"}],"author":[{"embeddable":true,"href":"http:\/\/manhaus.ch\/fr\/wp-json\/wp\/v2\/users\/1"}],"replies":[{"embeddable":true,"href":"http:\/\/manhaus.ch\/fr\/wp-json\/wp\/v2\/comments?post=2"}],"version-history":[{"count":17,"href":"http:\/\/manhaus.ch\/fr\/wp-json\/wp\/v2\/pages\/2\/revisions"}],"predecessor-version":[{"id":165,"href":"http:\/\/manhaus.ch\/fr\/wp-json\/wp\/v2\/pages\/2\/revisions\/165"}],"wp:featuredmedia":[{"embeddable":true,"href":"http:\/\/manhaus.ch\/fr\/wp-json\/wp\/v2\/media\/125"}],"wp:attachment":[{"href":"http:\/\/manhaus.ch\/fr\/wp-json\/wp\/v2\/media?parent=2"}],"curies":[{"name":"wp","href":"https:\/\/api.w.org\/{rel}","templated":true}]}}